{"id":1883,"date":"2012-09-07T16:31:45","date_gmt":"2012-09-07T12:31:45","guid":{"rendered":"http:\/\/pythagoreancup.com\/shop\/pythagoras-pythagoreischer-becher\/"},"modified":"2026-04-10T06:43:54","modified_gmt":"2026-04-10T04:43:54","slug":"pythagoras-pythagoreischer-becher","status":"publish","type":"product","link":"https:\/\/pythagoreancup.com\/de\/shop\/pythagoras-pythagoreischer-becher\/","title":{"rendered":"Pythagoras &#8211; Pythagoreischer Becher"},"content":{"rendered":"<p>Der Pythagoreische Becher (auch als Becher der Gerechtigkeit bekannt) ist ein Trinkgef\u00e4\u00df, welches seinen Benutzer dazu zwingt, nur moderat einzuschenken. Dank seiner Pythagoras von Samos zugeschriebenen Konstruktion erlaubt der Becher seinem Benutzer, ihn bis zu einer bestimmten H\u00f6he zu f\u00fcllen. Wenn der Benutzer den Becher nur bis zu dieser H\u00f6he bef\u00fcllt, kann er sein Getr\u00e4nk in Ruhe genie\u00dfen. Sch\u00fcttet er noch mehr ein, dann l\u00e4uft der gesamte Inhalt des Bechers unten aus. Mit diesem Becher, hei\u00dft es, wollte Pythagoras gierige Menschen Bescheidenheit lehren.<\/p>\n","protected":false},"excerpt":{"rendered":"<p>Der Pythagoreische Becher (auch als Becher der Gerechtigkeit bekannt) ist ein Trinkgef\u00e4\u00df, welches seinen Benutzer dazu zwingt, nur moderat einzuschenken. Dank seiner Pythagoras von Samos zugeschriebenen Konstruktion erlaubt der Becher seinem Benutzer, ihn bis zu einer bestimmten H\u00f6he zu f\u00fcllen. Wenn der Benutzer den Becher nur bis zu dieser H\u00f6he bef\u00fcllt, kann er sein Getr\u00e4nk [&#8230;]\n","protected":false},"featured_media":891,"comment_status":"open","ping_status":"closed","template":"","meta":[],"product_cat":[381],"product_tag":[],"_links":{"self":[{"href":"https:\/\/pythagoreancup.com\/de\/wp-json\/wp\/v3\/product\/1883"}],"collection":[{"href":"https:\/\/pythagoreancup.com\/de\/wp-json\/wp\/v3\/product"}],"about":[{"href":"https:\/\/pythagoreancup.com\/de\/wp-json\/wp\/v2\/types\/product"}],"replies":[{"embeddable":true,"href":"https:\/\/pythagoreancup.com\/de\/wp-json\/wp\/v2\/comments?post=1883"}],"wp:featuredmedia":[{"embeddable":true,"href":"https:\/\/pythagoreancup.com\/de\/wp-json\/wp\/v2\/media\/891"}],"wp:attachment":[{"href":"https:\/\/pythagoreancup.com\/de\/wp-json\/wp\/v2\/media?parent=1883"}],"wp:term":[{"taxonomy":"product_cat","embeddable":true,"href":"https:\/\/pythagoreancup.com\/de\/wp-json\/wp\/v2\/product_cat?post=1883"},{"taxonomy":"product_tag","embeddable":true,"href":"https:\/\/pythagoreancup.com\/de\/wp-json\/wp\/v2\/product_tag?post=1883"}],"curies":[{"name":"wp","href":"https:\/\/api.w.org\/{rel}","templated":true}]}}