{"id":1868,"date":"2015-05-30T10:34:37","date_gmt":"2012-09-10T14:27:35","guid":{"rendered":"http:\/\/pythagoreancup.com\/pythagorean-cup\/"},"modified":"2017-03-09T22:11:28","modified_gmt":"2017-03-09T20:11:28","slug":"pythagorean-cup","status":"publish","type":"page","link":"https:\/\/pythagoreancup.com\/de\/","title":{"rendered":"Pythagoreischer Becher &#8211; Griechischer Geschenkladen"},"content":{"rendered":"<style type=\"text\/css\">.easingslider-597 { width: 100%; }.easingslider-597 .easingslider-image { max-height: 500px; max-width: 1800px; }.easingslider-597 .easingslider-fade-in, .easingslider-fade-out { -webkit-animation-duration: 3000ms; -moz-animation-duration: 3000ms; animation-duration: 3000ms; }<\/style><script type=\"text\/javascript\">window.EasingSlider597 = {\"width\":1800,\"height\":500,\"singleItem\":true,\"items\":1,\"itemsDesktop\":false,\"itemsDesktopSmall\":false,\"itemsTablet\":false,\"itemsTabletSmall\":false,\"itemsMobile\":false,\"responsive\":true,\"lazyLoad\":true,\"autoPlay\":6000,\"slideSpeed\":3000,\"navigation\":true,\"navigationText\":[\"\",\"\"],\"pagination\":true,\"autoHeight\":false,\"mouseDrag\":false,\"touchDrag\":false,\"addClassActive\":true,\"transitionStyle\":\"fade\"};<\/script><div data-id=\"597\" class=\"easingslider easingslider-597 easingslider-container easingslider-full-width easingslider-resizing-enabled easingslider-aspect-ratio easingslider-arrows-inside easingslider-pagination-inside easingslider-pagination-bottom-center\"><div class=\"easingslider-slide\"><img src=\"https:\/\/pythagoreancup.com\/wp-content\/plugins\/easing-slider\/assets\/images\/placeholder-pixel.png\" data-src=\"https:\/\/pythagoreancup.com\/wp-content\/uploads\/2015\/05\/pythagorean-cup-slider-03-1800x500.jpg\" alt=\"Pythagorean Cup - Worldwide shipping\" title=\"Pythagorean Cup - Worldwide shipping\" class=\"easingslider-image easingslider-lazy\" \/><\/div><div class=\"easingslider-slide\"><a href=\"product-category\/souvenirs\/cups\/\" target=\"\"><img src=\"https:\/\/pythagoreancup.com\/wp-content\/plugins\/easing-slider\/assets\/images\/placeholder-pixel.png\" data-src=\"https:\/\/pythagoreancup.com\/wp-content\/uploads\/2015\/05\/pythagorean-cup-slider-02-1800x500.jpg\" alt=\"Pythagorean Cup\" title=\"Pythagorean Cup\" class=\"easingslider-image easingslider-lazy\" \/><\/a><\/div><div class=\"easingslider-slide\"><a href=\"\/product-category\/souvenirs\/\" target=\"\"><img src=\"https:\/\/pythagoreancup.com\/wp-content\/plugins\/easing-slider\/assets\/images\/placeholder-pixel.png\" data-src=\"https:\/\/pythagoreancup.com\/wp-content\/uploads\/2015\/05\/pythagorean-cup-slider-04-1800x500.jpg\" alt=\"Pythagorean Cup\" title=\"Pythagorean Cup\" class=\"easingslider-image easingslider-lazy\" \/><\/a><\/div><div class=\"easingslider-slide\"><a href=\"\/product-category\/souvenirs\/cups\/\" target=\"\"><img src=\"https:\/\/pythagoreancup.com\/wp-content\/plugins\/easing-slider\/assets\/images\/placeholder-pixel.png\" data-src=\"https:\/\/pythagoreancup.com\/wp-content\/uploads\/2015\/05\/pythagorean-cup-slider-01-1800x500.jpg\" alt=\"Pythagorean Cup\" title=\"Pythagorean Cup\" class=\"easingslider-image easingslider-lazy\" \/><\/a><\/div><\/div>\n\t<div id=\"gap-1412757523\" class=\"gap-element clearfix\" style=\"display:block; height:auto;\">\n\t\t\n<style>\n#gap-1412757523 {\n  padding-top: 30px;\n}\n<\/style>\n\t<\/div>\n\t\n\t<div id=\"gap-1011132307\" class=\"gap-element clearfix\" style=\"display:block; height:auto;\">\n\t\t\n<style>\n#gap-1011132307 {\n  padding-top: 30px;\n}\n<\/style>\n\t<\/div>\n\t\n<div class=\"woocommerce columns-4 \"><div class=\"products row row-small large-columns-4 medium-columns-3 small-columns-2 has-shadow row-box-shadow-1 row-box-shadow-2-hover\">\n\n<div class=\"product-small col has-hover product type-product post-1883 status-publish first instock product_cat-tassen has-post-thumbnail taxable shipping-taxable purchasable product-type-simple\">\n\t<div class=\"col-inner\">\n\t\n<div class=\"badge-container absolute left top z-1\">\n<\/div>\n\t<div class=\"product-small box \">\n\t\t<div class=\"box-image\">\n\t\t\t<div class=\"image-zoom_in\">\n\t\t\t\t<a href=\"https:\/\/pythagoreancup.com\/de\/shop\/pythagoras-pythagoreischer-becher\/\" aria-label=\"Pythagoras - Pythagoreischer Becher\">\n\t\t\t\t\t<img width=\"247\" height=\"296\" src=\"https:\/\/pythagoreancup.com\/wp-content\/uploads\/2012\/09\/vp-pythagorean-cup-pythagoras-00001-247x296.jpg\" class=\"attachment-woocommerce_thumbnail size-woocommerce_thumbnail\" alt=\"Pythagoras - Pythagoreischer Becher\" decoding=\"async\" loading=\"lazy\" \/>\t\t\t\t<\/a>\n\t\t\t<\/div>\n\t\t\t<div class=\"image-tools is-small top right show-on-hover\">\n\t\t\t\t\t\t\t<\/div>\n\t\t\t<div class=\"image-tools is-small hide-for-small bottom left show-on-hover\">\n\t\t\t\t\t\t\t<\/div>\n\t\t\t<div class=\"image-tools grid-tools text-center hide-for-small bottom hover-slide-in show-on-hover\">\n\t\t\t\t<a href=\"?add-to-cart=1883\" data-quantity=\"1\" class=\"add-to-cart-grid no-padding is-transparent wp-element-button product_type_simple add_to_cart_button ajax_add_to_cart\" data-product_id=\"1883\" data-product_sku=\"0001\" aria-label=\"\u201ePythagoras - Pythagoreischer Becher\u201c zu deinem Warenkorb hinzuf\u00fcgen\" rel=\"nofollow\"><div class=\"cart-icon tooltip is-small\" title=\"In den Warenkorb\"><strong>+<\/strong><\/div><\/a>\t\t\t<\/div>\n\t\t\t\t\t<\/div>\n\n\t\t<div class=\"box-text box-text-products\">\n\t\t\t<div class=\"title-wrapper\"><\/div><div class=\"price-wrapper\"><\/div>\t\t<\/div>\n\t<\/div>\n\t\t<\/div>\n<\/div>\n<\/div><!-- row --><\/div>\n\t<div id=\"gap-2015280698\" class=\"gap-element clearfix\" style=\"display:block; height:auto;\">\n\t\t\n<style>\n#gap-2015280698 {\n  padding-top: 30px;\n}\n<\/style>\n\t<\/div>\n\t\n<div class=\"row\"  id=\"row-1399968990\">\n\n\t<div id=\"col-1137852241\" class=\"col medium-1\/2 large-6\"  >\n\t\t\t\t<div class=\"col-inner\"  >\n\t\t\t\n\t\t\t\n\t<div class=\"img has-hover x md-x lg-x y md-y lg-y\" id=\"image_1846926988\">\n\t\t<a class=\"\" href=\"http:\/\/pythagoreancup.com\/shop\/pythagoras-pythagorean-cup\/\"  >\t\t\t\t\t\t<div class=\"img-inner dark\" >\n\t\t\t<img width=\"800\" height=\"800\" src=\"https:\/\/pythagoreancup.com\/wp-content\/uploads\/2012\/09\/vp-pythagorean-cup-pythagoras-00001.jpg\" class=\"attachment-large size-large\" alt=\"Pythagoras - Pythagorean Cup\" decoding=\"async\" loading=\"lazy\" srcset=\"https:\/\/pythagoreancup.com\/wp-content\/uploads\/2012\/09\/vp-pythagorean-cup-pythagoras-00001.jpg 800w, https:\/\/pythagoreancup.com\/wp-content\/uploads\/2012\/09\/vp-pythagorean-cup-pythagoras-00001-100x100.jpg 100w, https:\/\/pythagoreancup.com\/wp-content\/uploads\/2012\/09\/vp-pythagorean-cup-pythagoras-00001-510x510.jpg 510w, https:\/\/pythagoreancup.com\/wp-content\/uploads\/2012\/09\/vp-pythagorean-cup-pythagoras-00001-150x150.jpg 150w, https:\/\/pythagoreancup.com\/wp-content\/uploads\/2012\/09\/vp-pythagorean-cup-pythagoras-00001-300x300.jpg 300w, https:\/\/pythagoreancup.com\/wp-content\/uploads\/2012\/09\/vp-pythagorean-cup-pythagoras-00001-600x600.jpg 600w\" sizes=\"(max-width: 800px) 100vw, 800px\" \/>\t\t\t\t\t\t\n\t\t\t\t\t<\/div>\n\t\t\t\t\t\t<\/a>\t\t\n<style>\n#image_1846926988 {\n  width: 100%;\n}\n<\/style>\n\t<\/div>\n\t\n\t\t<\/div>\n\t\t\t\t\t<\/div>\n\n\t\n\n\t<div id=\"col-1448203990\" class=\"col medium-1\/2 large-6\"  >\n\t\t\t\t<div class=\"col-inner\"  >\n\t\t\t\n\t\t\t\n<h3>Pythagoreischer Becher<\/h3>\n<p>Der Pythagoreische Becher (auch als Becher der Gerechtigkeit bekannt) ist ein Trinkgef\u00e4\u00df, welches seinen Benutzer dazu zwingt, nur moderat einzuschenken. Dank seiner Pythagoras von Samos zugeschriebenen Konstruktion erlaubt der Becher seinem Benutzer, ihn bis zu einer bestimmten H\u00f6he zu f\u00fcllen. Wenn der Benutzer den Becher nur bis zu dieser H\u00f6he bef\u00fcllt, kann er sein Getr\u00e4nk in Ruhe genie\u00dfen. Sch\u00fcttet er noch mehr ein, dann l\u00e4uft der gesamte Inhalt des Bechers unten aus. Mit diesem Becher, hei\u00dft es, wollte Pythagoras gierige Menschen Bescheidenheit lehren.<p class=\"product woocommerce add_to_cart_inline \" style=\"border:4px solid #ccc; padding: 12px;\"><span class=\"woocommerce-Price-amount amount\"><bdi><span class=\"woocommerce-Price-currencySymbol\">&euro;<\/span>12.40<\/bdi><\/span><a href=\"?add-to-cart=15\" data-quantity=\"1\" class=\"button wp-element-button product_type_simple add_to_cart_button ajax_add_to_cart\" data-product_id=\"15\" data-product_sku=\"0001\" aria-label=\"\u201ePythagoras - Pythagorean Cup\u201c zu deinem Warenkorb hinzuf\u00fcgen\" rel=\"nofollow\">In den Warenkorb<\/a><\/p>\n\t\t<\/div>\n\t\t\t\t\t<\/div>\n\n\t\n<\/div>\n\t<div id=\"gap-1428502077\" class=\"gap-element clearfix\" style=\"display:block; height:auto;\">\n\t\t\n<style>\n#gap-1428502077 {\n  padding-top: 30px;\n}\n<\/style>\n\t<\/div>\n\t\n\t<div id=\"gap-2069254169\" class=\"gap-element clearfix\" style=\"display:block; height:auto;\">\n\t\t\n<style>\n#gap-2069254169 {\n  padding-top: 30px;\n}\n<\/style>\n\t<\/div>\n\t\n<div class=\"woocommerce columns-4 \"><div class=\"products row row-small large-columns-4 medium-columns-3 small-columns-2 has-shadow row-box-shadow-1 row-box-shadow-2-hover\">\n\n<div class=\"product-small col has-hover product type-product post-1408 status-publish first instock product_cat-souvenirs-de has-post-thumbnail taxable shipping-taxable purchasable product-type-simple\">\n\t<div class=\"col-inner\">\n\t\n<div class=\"badge-container absolute left top z-1\">\n<\/div>\n\t<div class=\"product-small box \">\n\t\t<div class=\"box-image\">\n\t\t\t<div class=\"image-zoom_in\">\n\t\t\t\t<a href=\"https:\/\/pythagoreancup.com\/de\/shop\/naturlicher-meerschwamm\/\" aria-label=\"Nat\u00fcrlicher Meerschwamm\">\n\t\t\t\t\t<img width=\"247\" height=\"296\" src=\"https:\/\/pythagoreancup.com\/wp-content\/uploads\/2013\/03\/natural-sea-sponge-247x296.jpg\" class=\"attachment-woocommerce_thumbnail size-woocommerce_thumbnail\" alt=\"\" decoding=\"async\" loading=\"lazy\" \/>\t\t\t\t<\/a>\n\t\t\t<\/div>\n\t\t\t<div class=\"image-tools is-small top right show-on-hover\">\n\t\t\t\t\t\t\t<\/div>\n\t\t\t<div class=\"image-tools is-small hide-for-small bottom left show-on-hover\">\n\t\t\t\t\t\t\t<\/div>\n\t\t\t<div class=\"image-tools grid-tools text-center hide-for-small bottom hover-slide-in show-on-hover\">\n\t\t\t\t<a href=\"?add-to-cart=1408\" data-quantity=\"1\" class=\"add-to-cart-grid no-padding is-transparent wp-element-button product_type_simple add_to_cart_button ajax_add_to_cart\" data-product_id=\"1408\" data-product_sku=\"1201\" aria-label=\"\u201eNat\u00fcrlicher Meerschwamm\u201c zu deinem Warenkorb hinzuf\u00fcgen\" rel=\"nofollow\"><div class=\"cart-icon tooltip is-small\" title=\"In den Warenkorb\"><strong>+<\/strong><\/div><\/a>\t\t\t<\/div>\n\t\t\t\t\t<\/div>\n\n\t\t<div class=\"box-text box-text-products\">\n\t\t\t<div class=\"title-wrapper\"><\/div><div class=\"price-wrapper\"><\/div>\t\t<\/div>\n\t<\/div>\n\t\t<\/div>\n<\/div>\n\n<div class=\"product-small col has-hover product type-product post-1883 status-publish instock product_cat-tassen has-post-thumbnail taxable shipping-taxable purchasable product-type-simple\">\n\t<div class=\"col-inner\">\n\t\n<div class=\"badge-container absolute left top z-1\">\n<\/div>\n\t<div class=\"product-small box \">\n\t\t<div class=\"box-image\">\n\t\t\t<div class=\"image-zoom_in\">\n\t\t\t\t<a href=\"https:\/\/pythagoreancup.com\/de\/shop\/pythagoras-pythagoreischer-becher\/\" aria-label=\"Pythagoras - Pythagoreischer Becher\">\n\t\t\t\t\t<img width=\"247\" height=\"296\" src=\"https:\/\/pythagoreancup.com\/wp-content\/uploads\/2012\/09\/vp-pythagorean-cup-pythagoras-00001-247x296.jpg\" class=\"attachment-woocommerce_thumbnail size-woocommerce_thumbnail\" alt=\"Pythagoras - Pythagoreischer Becher\" decoding=\"async\" loading=\"lazy\" \/>\t\t\t\t<\/a>\n\t\t\t<\/div>\n\t\t\t<div class=\"image-tools is-small top right show-on-hover\">\n\t\t\t\t\t\t\t<\/div>\n\t\t\t<div class=\"image-tools is-small hide-for-small bottom left show-on-hover\">\n\t\t\t\t\t\t\t<\/div>\n\t\t\t<div class=\"image-tools grid-tools text-center hide-for-small bottom hover-slide-in show-on-hover\">\n\t\t\t\t<a href=\"?add-to-cart=1883\" data-quantity=\"1\" class=\"add-to-cart-grid no-padding is-transparent wp-element-button product_type_simple add_to_cart_button ajax_add_to_cart\" data-product_id=\"1883\" data-product_sku=\"0001\" aria-label=\"\u201ePythagoras - Pythagoreischer Becher\u201c zu deinem Warenkorb hinzuf\u00fcgen\" rel=\"nofollow\"><div class=\"cart-icon tooltip is-small\" title=\"In den Warenkorb\"><strong>+<\/strong><\/div><\/a>\t\t\t<\/div>\n\t\t\t\t\t<\/div>\n\n\t\t<div class=\"box-text box-text-products\">\n\t\t\t<div class=\"title-wrapper\"><\/div><div class=\"price-wrapper\"><\/div>\t\t<\/div>\n\t<\/div>\n\t\t<\/div>\n<\/div>\n<\/div><!-- row --><\/div>\n<div class=\"container section-title-container\" ><h3 class=\"section-title section-title-Click to edit\"><b><\/b><span class=\"section-title-main\" >Prayer rope<\/span><b><\/b><\/h3><\/div>\n<div class=\"woocommerce columns-4 \"><\/div>\n\t<div id=\"gap-1345035869\" class=\"gap-element clearfix\" style=\"display:block; height:auto;\">\n\t\t\n<style>\n#gap-1345035869 {\n  padding-top: 30px;\n}\n<\/style>\n\t<\/div>\n\t\n","protected":false},"excerpt":{"rendered":"","protected":false},"author":5390,"featured_media":0,"parent":0,"menu_order":0,"comment_status":"closed","ping_status":"closed","template":"page-blank.php","meta":[],"_links":{"self":[{"href":"https:\/\/pythagoreancup.com\/de\/wp-json\/wp\/v2\/pages\/1868"}],"collection":[{"href":"https:\/\/pythagoreancup.com\/de\/wp-json\/wp\/v2\/pages"}],"about":[{"href":"https:\/\/pythagoreancup.com\/de\/wp-json\/wp\/v2\/types\/page"}],"author":[{"embeddable":true,"href":"https:\/\/pythagoreancup.com\/de\/wp-json\/wp\/v2\/users\/5390"}],"replies":[{"embeddable":true,"href":"https:\/\/pythagoreancup.com\/de\/wp-json\/wp\/v2\/comments?post=1868"}],"version-history":[{"count":1,"href":"https:\/\/pythagoreancup.com\/de\/wp-json\/wp\/v2\/pages\/1868\/revisions"}],"predecessor-version":[{"id":1870,"href":"https:\/\/pythagoreancup.com\/de\/wp-json\/wp\/v2\/pages\/1868\/revisions\/1870"}],"wp:attachment":[{"href":"https:\/\/pythagoreancup.com\/de\/wp-json\/wp\/v2\/media?parent=1868"}],"curies":[{"name":"wp","href":"https:\/\/api.w.org\/{rel}","templated":true}]}}